{"id":23,"date":"2018-10-24T20:33:55","date_gmt":"2018-10-24T18:33:55","guid":{"rendered":"http:\/\/www2.zepa.cz\/?page_id=23"},"modified":"2018-12-20T11:06:13","modified_gmt":"2018-12-20T10:06:13","slug":"kontakt","status":"publish","type":"page","link":"http:\/\/www.zepa.cz\/index.php\/kontakt\/","title":{"rendered":"Kontakt"},"content":{"rendered":"<div class=\"quick_contact_row\" style=\"width: 24%;\"><i class=\"fa fa-map-marker contact-fa\"><\/i><br \/>\n<span class=\"c_desc\">Adresa provozovny<\/span><span class=\"c_text\">Smetanova 688,<br \/>\n394 68 \u017dirovnice<\/span><\/div>\n<div class=\"quick_contact_row\" style=\"width: 24%;\"><i class=\"fa fa-map-marker contact-fa\"><\/i><br \/>\n<span class=\"c_desc\">Adresa faktura\u010dn\u00ed<\/span><span class=\"c_text\">Smetanova 517,<br \/>\n394 68 \u017dirovnice<\/span><\/div>\n<div class=\"quick_contact_row\" style=\"width: 24%;\"><i class=\"fa fa-phone contact-fa\"><\/i><br \/>\n<span class=\"c_desc\">Telefon<\/span><span class=\"c_text\">+420 777 099 111<\/span><br \/>\n<span class=\"c_text\">+420 777 020 111<\/span><br \/>\n<span class=\"c_text\">+420 565 495 291<\/span><\/div>\n<div class=\"quick_contact_row\" style=\"width: 24%;\"><i class=\"fa fa-envelope contact-fa\"><\/i><br \/>\n<span class=\"c_desc\">E-mailov\u00e1 adresa<\/span><span class=\"c_text\"><a href=\"mailto:zepa@zepa.cz\">zepa@zepa.cz<\/a><\/span><\/div>\n<p><br style=\"clear: both;\"><\/p>\n<h4>Otv\u00edrac\u00ed doba<\/h4>\n<p>&nbsp;<\/p>\n<table style=\"width: 80%;\">\n<tbody>\n<tr>\n<td>Po<\/td>\n<td>9\u201312, 13:30\u201316:30<\/td>\n<\/tr>\n<tr>\n<td>\u00dat<\/td>\n<td>9\u201312, 13:30\u201316:30<\/td>\n<\/tr>\n<tr>\n<td>St<\/td>\n<td>9\u201312, 13:30\u201316:30<\/td>\n<\/tr>\n<tr>\n<td>\u010ct<\/td>\n<td>9\u201312, 13:30\u201316:30<\/td>\n<\/tr>\n<tr>\n<td>P\u00e1<\/td>\n<td>9\u201312, 13:30\u201316:30<\/td>\n<\/tr>\n<tr>\n<td>So<\/td>\n<td>Zav\u0159eno<\/td>\n<\/tr>\n<tr>\n<td>Ne<\/td>\n<td>Zav\u0159eno<\/td>\n<\/tr>\n<\/tbody>\n<\/table>\n","protected":false},"excerpt":{"rendered":"<p>Adresa provozovnySmetanova 688, 394 68 \u017dirovnice Adresa faktura\u010dn\u00edSmetanova 517, 394 68 \u017dirovnice Telefon+420 777 099<a class=\"post_read_more\" href=\"http:\/\/www.zepa.cz\/index.php\/kontakt\/\">Pokra\u010dovat<\/a><\/p>\n","protected":false},"author":1,"featured_media":0,"parent":0,"menu_order":0,"comment_status":"closed","ping_status":"closed","template":"page.template.contact.php","meta":[],"_links":{"self":[{"href":"http:\/\/www.zepa.cz\/index.php\/wp-json\/wp\/v2\/pages\/23"}],"collection":[{"href":"http:\/\/www.zepa.cz\/index.php\/wp-json\/wp\/v2\/pages"}],"about":[{"href":"http:\/\/www.zepa.cz\/index.php\/wp-json\/wp\/v2\/types\/page"}],"author":[{"embeddable":true,"href":"http:\/\/www.zepa.cz\/index.php\/wp-json\/wp\/v2\/users\/1"}],"replies":[{"embeddable":true,"href":"http:\/\/www.zepa.cz\/index.php\/wp-json\/wp\/v2\/comments?post=23"}],"version-history":[{"count":19,"href":"http:\/\/www.zepa.cz\/index.php\/wp-json\/wp\/v2\/pages\/23\/revisions"}],"predecessor-version":[{"id":149,"href":"http:\/\/www.zepa.cz\/index.php\/wp-json\/wp\/v2\/pages\/23\/revisions\/149"}],"wp:attachment":[{"href":"http:\/\/www.zepa.cz\/index.php\/wp-json\/wp\/v2\/media?parent=23"}],"curies":[{"name":"wp","href":"https:\/\/api.w.org\/{rel}","templated":true}]}}